{"id":15596,"date":"2024-03-14T14:39:27","date_gmt":"2024-03-14T18:39:27","guid":{"rendered":"\/cumbre-del-exito-2024\/"},"modified":"2024-04-24T06:56:57","modified_gmt":"2024-04-24T10:56:57","slug":"success-summit-2024","status":"publish","type":"page","link":"\/es\/success-summit-2024\/","title":{"rendered":"Cumbre del \u00c9xito 2024"},"content":{"rendered":"<p>[et_pb_section fb_built=&#8221;1&#8243; fullwidth=&#8221;on&#8221; _builder_version=&#8221;4.16&#8243; _module_preset=&#8221;default&#8221; min_height=&#8221;398px&#8221; custom_margin=&#8221;||0px|||&#8221; custom_padding=&#8221;||1px|||&#8221; global_colors_info=&#8221;{}&#8221;][et_pb_fullwidth_header text_orientation=&#8221;center&#8221; header_fullscreen=&#8221;on&#8221; logo_image_url=&#8221;\/wp-content\/uploads\/2024\/03\/1.png&#8221; _builder_version=&#8221;4.23.2&#8243; _module_preset=&#8221;default&#8221; title_text_color=&#8221;#ffffff&#8221; title_line_height=&#8221;1.5em&#8221; content_text_color=&#8221;#ffffff&#8221; content_font_size=&#8221;18px&#8221; content_line_height=&#8221;1.5em&#8221; background_image=&#8221;\/wp-content\/uploads\/2024\/03\/4.jpg&#8221; parallax=&#8221;on&#8221; custom_button_one=&#8221;on&#8221; button_one_text_color=&#8221;#ffffff&#8221; button_one_border_color=&#8221;#ffffff&#8221; width=&#8221;100%&#8221; min_height=&#8221;464px&#8221; custom_padding=&#8221;||0px|||&#8221; global_colors_info=&#8221;{}&#8221;][\/et_pb_fullwidth_header][\/et_pb_section][et_pb_section fb_built=&#8221;1&#8243; _builder_version=&#8221;4.23.2&#8243; _module_preset=&#8221;default&#8221; min_height=&#8221;3684.3px&#8221; custom_margin=&#8221;10px||10px||false|false&#8221; custom_padding=&#8221;10px||0px||false|false&#8221; global_colors_info=&#8221;{}&#8221;][et_pb_row _builder_version=&#8221;4.23.2&#8243; _module_preset=&#8221;default&#8221; global_colors_info=&#8221;{}&#8221;][et_pb_column type=&#8221;4_4&#8243; _builder_version=&#8221;4.23.2&#8243; _module_preset=&#8221;default&#8221; global_colors_info=&#8221;{}&#8221;][et_pb_image src=&#8221;\/wp-content\/uploads\/2024\/03\/2-1.png&#8221; title_text=&#8221;2&#8243; _builder_version=&#8221;4.23.2&#8243; _module_preset=&#8221;default&#8221; global_colors_info=&#8221;{}&#8221;][\/et_pb_image][\/et_pb_column][\/et_pb_row][et_pb_row column_structure=&#8221;1_3,1_3,1_3&#8243; _builder_version=&#8221;4.23.2&#8243; _module_preset=&#8221;default&#8221; min_height=&#8221;293.9px&#8221; custom_padding=&#8221;||0px|||&#8221; global_colors_info=&#8221;{}&#8221;][et_pb_column type=&#8221;1_3&#8243; _builder_version=&#8221;4.23.2&#8243; _module_preset=&#8221;default&#8221; global_colors_info=&#8221;{}&#8221;][et_pb_text _builder_version=&#8221;4.23.2&#8243; _module_preset=&#8221;default&#8221; text_font=&#8221;Lato||||||||&#8221; text_text_color=&#8221;#000000&#8243; text_font_size=&#8221;16px&#8221; text_line_height=&#8221;1.5em&#8221; header_font=&#8221;Lato||||||||&#8221; header_text_align=&#8221;center&#8221; header_text_color=&#8221;#000000&#8243; header_line_height=&#8221;1.5em&#8221; custom_margin=&#8221;20px|20px|20px|20px|false|false&#8221; custom_padding=&#8221;20px|20px|20px|20px|false|false&#8221; global_colors_info=&#8221;{}&#8221;]<\/p>\n<h3 style=\"text-align: center;\">S\u00c1BADO<\/h3>\n<p style=\"text-align: center;\">\n<p class=\"cvGsUA direction-ltr align-center para-style-body\" style=\"text-align: center;\"><span class=\"OYPEnA text-decoration-none text-strikethrough-none\">Registro general<\/span><\/p>\n<p class=\"cvGsUA direction-ltr align-center para-style-body\" style=\"text-align: center;\"><span class=\"OYPEnA text-decoration-none text-strikethrough-none\">Primera sesi\u00f3n<\/span><\/p>\n<p class=\"cvGsUA direction-ltr align-center para-style-body\" style=\"text-align: center;\"><span class=\"OYPEnA text-decoration-none text-strikethrough-none\">Almuerzo<\/span><\/p>\n<p class=\"cvGsUA direction-ltr align-center para-style-body\" style=\"text-align: center;\"><span class=\"OYPEnA text-decoration-none text-strikethrough-none\">Segunda sesi\u00f3n<\/span><\/p>\n<p class=\"cvGsUA direction-ltr align-center para-style-body\" style=\"text-align: center;\"><span class=\"OYPEnA text-decoration-none text-strikethrough-none\">After Party tem\u00e1tico<\/span><\/p>\n<p>[\/et_pb_text][\/et_pb_column][et_pb_column type=&#8221;1_3&#8243; _builder_version=&#8221;4.23.2&#8243; _module_preset=&#8221;default&#8221; global_colors_info=&#8221;{}&#8221;][et_pb_text _builder_version=&#8221;4.23.2&#8243; _module_preset=&#8221;default&#8221; text_font=&#8221;Lato||||||||&#8221; text_text_color=&#8221;#000000&#8243; text_font_size=&#8221;16px&#8221; text_line_height=&#8221;1.5em&#8221; header_font=&#8221;Lato||||||||&#8221; header_text_align=&#8221;center&#8221; header_text_color=&#8221;#000000&#8243; header_line_height=&#8221;1.5em&#8221; custom_margin=&#8221;20px|20px|20px|20px|false|false&#8221; custom_padding=&#8221;20px|20px|20px|20px|false|false&#8221; global_colors_info=&#8221;{}&#8221;]<\/p>\n<h3 style=\"text-align: center;\">DOMINGO<\/h3>\n<p class=\"cvGsUA direction-ltr align-center para-style-body\" style=\"text-align: center;\"><span class=\"OYPEnA text-decoration-none text-strikethrough-none\">Culto opcional<\/span><\/p>\n<p class=\"cvGsUA direction-ltr align-center para-style-body\" style=\"text-align: center;\"><span class=\"OYPEnA text-decoration-none text-strikethrough-none\">Tercera sesi\u00f3n<\/span><\/p>\n<p class=\"cvGsUA direction-ltr align-center para-style-body\" style=\"text-align: center;\"><span class=\"OYPEnA text-decoration-none text-strikethrough-none\">D\u00eda de playa en Bravenly Nation<\/span><\/p>\n<p>[\/et_pb_text][\/et_pb_column][et_pb_column type=&#8221;1_3&#8243; _builder_version=&#8221;4.23.2&#8243; _module_preset=&#8221;default&#8221; global_colors_info=&#8221;{}&#8221;][et_pb_text _builder_version=&#8221;4.23.2&#8243; _module_preset=&#8221;default&#8221; text_font=&#8221;Lato||||||||&#8221; text_text_color=&#8221;#000000&#8243; text_font_size=&#8221;16px&#8221; text_line_height=&#8221;1.5em&#8221; header_font=&#8221;Lato||||||||&#8221; header_text_align=&#8221;center&#8221; header_text_color=&#8221;#000000&#8243; header_line_height=&#8221;1.5em&#8221; custom_margin=&#8221;20px|20px|20px|20px|false|false&#8221; custom_padding=&#8221;20px|20px|20px|20px|false|false&#8221; global_colors_info=&#8221;{}&#8221;]<\/p>\n<h3 style=\"text-align: center;\"><span class=\"OYPEnA text-decoration-none text-strikethrough-none\">LUNES <\/span><span class=\"OYPEnA text-decoration-none text-strikethrough-none\">(SED+ ONLY):<\/span><\/h3>\n<p class=\"cvGsUA direction-ltr align-center para-style-body\" style=\"text-align: center;\"><span class=\"OYPEnA text-decoration-none text-strikethrough-none\">Primera sesi\u00f3n sobre liderazgo<\/span><\/p>\n<p class=\"cvGsUA direction-ltr align-center para-style-body\" style=\"text-align: center;\"><span class=\"OYPEnA text-decoration-none text-strikethrough-none\">Almuerzo<\/span><\/p>\n<p class=\"cvGsUA direction-ltr align-center para-style-body\" style=\"text-align: center;\"><span class=\"OYPEnA text-decoration-none text-strikethrough-none\">Segunda sesi\u00f3n de liderazgo (finaliza sobre las 16.00 horas)<\/span><\/p>\n<p class=\"cvGsUA direction-ltr align-center para-style-body\" style=\"text-align: center;\">[\/et_pb_text][\/et_pb_column][\/et_pb_row][et_pb_row _builder_version=&#8221;4.23.2&#8243; _module_preset=&#8221;default&#8221; global_colors_info=&#8221;{}&#8221;][et_pb_column type=&#8221;4_4&#8243; _builder_version=&#8221;4.23.2&#8243; _module_preset=&#8221;default&#8221; global_colors_info=&#8221;{}&#8221;][et_pb_image src=&#8221;\/wp-content\/uploads\/2024\/03\/Website-banners-17.png&#8221; title_text=&#8221;Website banners (17)&#8221; _builder_version=&#8221;4.23.2&#8243; _module_preset=&#8221;default&#8221; global_colors_info=&#8221;{}&#8221;][\/et_pb_image][\/et_pb_column][\/et_pb_row][et_pb_row _builder_version=&#8221;4.23.2&#8243; _module_preset=&#8221;default&#8221; min_height=&#8221;293.9px&#8221; custom_padding=&#8221;||0px|||&#8221; global_colors_info=&#8221;{}&#8221;][et_pb_column type=&#8221;4_4&#8243; _builder_version=&#8221;4.23.2&#8243; _module_preset=&#8221;default&#8221; global_colors_info=&#8221;{}&#8221;][et_pb_image src=&#8221;\/wp-content\/uploads\/2024\/03\/6.jpg&#8221; title_text=&#8221;6&#8243; align=&#8221;center&#8221; _builder_version=&#8221;4.23.2&#8243; _module_preset=&#8221;default&#8221; global_colors_info=&#8221;{}&#8221;][\/et_pb_image][et_pb_text _builder_version=&#8221;4.23.2&#8243; _module_preset=&#8221;default&#8221; text_font=&#8221;Lato||||||||&#8221; text_text_color=&#8221;#000000&#8243; text_font_size=&#8221;16px&#8221; text_line_height=&#8221;1.5em&#8221; header_font=&#8221;Lato||||||||&#8221; header_text_align=&#8221;center&#8221; header_text_color=&#8221;#000000&#8243; header_line_height=&#8221;1.5em&#8221; width=&#8221;89.9%&#8221; min_height=&#8221;76px&#8221; custom_margin=&#8221;20px|20px|20px|20px|false|false&#8221; custom_padding=&#8221;20px|20px|20px|20px|false|false&#8221; global_colors_info=&#8221;{}&#8221;]<\/p>\n<p class=\"cvGsUA direction-ltr align-start para-style-body\"><span class=\"OYPEnA text-decoration-none text-strikethrough-none\">El Sheraton Sand Key Resort es un hotel frente al mar en la costa del Golfo de Florida. Este complejo en primera l\u00ednea de playa en Clearwater Beach est\u00e1 a unos pasos de Nature Trails y de playas preparadas para el surf. Con acceso privado a la playa, piscinas al aire libre y gimnasio.<\/span><\/p>\n<p class=\"cvGsUA direction-ltr align-start para-style-body\"><span class=\"OYPEnA text-decoration-none text-strikethrough-none\">El Sheraton Sand Key Resort es un establecimiento Marriott.<br \/><\/span><\/p>\n<p>&nbsp;<\/p>\n<p class=\"cvGsUA direction-ltr align-start para-style-body\"><span class=\"OYPEnA text-decoration-none text-strikethrough-none\">Consulte <a href=\"\/\">el sitio web del complejo<\/a> para obtener m\u00e1s informaci\u00f3n:<\/span><\/p>\n<p class=\"cvGsUA direction-ltr align-start para-style-body\">Direcci\u00f3n: 1160 Gulf Blvd., Clearwater Beach, FL 33767<\/p>\n<p class=\"cvGsUA direction-ltr align-start para-style-body\">N\u00famero de tel\u00e9fono: +1 (727) 595-1611<\/p>\n<p>[\/et_pb_text][et_pb_image src=&#8221;\/wp-content\/uploads\/2024\/03\/Website-banners-16.png&#8221; title_text=&#8221;Website banners (16)&#8221; align=&#8221;center&#8221; _builder_version=&#8221;4.23.2&#8243; _module_preset=&#8221;default&#8221; global_colors_info=&#8221;{}&#8221;][\/et_pb_image][et_pb_text _builder_version=&#8221;4.23.2&#8243; _module_preset=&#8221;default&#8221; text_font=&#8221;Lato||||||||&#8221; text_text_color=&#8221;#000000&#8243; text_font_size=&#8221;16px&#8221; text_line_height=&#8221;1.5em&#8221; header_font=&#8221;Lato||||||||&#8221; header_text_align=&#8221;center&#8221; header_text_color=&#8221;#000000&#8243; header_line_height=&#8221;1.5em&#8221; min_height=&#8221;139px&#8221; custom_margin=&#8221;20px|20px|20px|20px|false|false&#8221; custom_padding=&#8221;20px|20px|20px|20px|false|false&#8221; global_colors_info=&#8221;{}&#8221;]<\/p>\n<div>\n<p><strong>TARIFA DEL RESORT:<\/strong> NINGUNO, el \u00daNICO resort en Clearwater Beach sin cuota.<\/p>\n<p><strong>APARCAMIENTO<\/strong>: Aparcamiento diario in situ 25,00 $.<\/p>\n<p><strong>WIFI: Disponible y gratuito para los miembros de Marriott Bonvoy (Inscr\u00edbase gratis aqu\u00ed: Haga clic para unirse al programa de socios de Marriott.<\/strong><\/p>\n<p><strong>LLAVE M\u00d3VIL<\/strong>: \u00danete como miembro, descarga la App Marriott Bonvoy para un f\u00e1cil check-in sin contacto y Mobile Key antes de llegar.<\/p>\n<p><strong>CENTRO DE FITNESS<\/strong>: Servicio completo abierto 24\/7 PISCINAS: La piscina frente a la playa tiene toallas Proporcionado abierto 8am-11pm. Tambi\u00e9n hay una piscina infantil al aire libre.<\/p>\n<p><strong>RESTAURANTES: Rusty&#8217;s Bistro (reserve mesa con antelaci\u00f3n), Mainstay Tavern y Poolside Cafe.<\/strong><\/p>\n<p><strong>ENTRADAS Y SALIDAS<\/strong>: Entrada a las 16:00 y salida a las 11:00<\/p>\n<\/div>\n<p>[\/et_pb_text][et_pb_image src=&#8221;\/wp-content\/uploads\/2024\/03\/8.jpg&#8221; title_text=&#8221;8&#8243; _builder_version=&#8221;4.23.2&#8243; _module_preset=&#8221;default&#8221; custom_margin=&#8221;|||1px||&#8221; global_colors_info=&#8221;{}&#8221;][\/et_pb_image][\/et_pb_column][\/et_pb_row][et_pb_row column_structure=&#8221;1_2,1_2&#8243; _builder_version=&#8221;4.23.2&#8243; _module_preset=&#8221;default&#8221; global_colors_info=&#8221;{}&#8221;][et_pb_column type=&#8221;1_2&#8243; _builder_version=&#8221;4.16&#8243; _module_preset=&#8221;default&#8221; global_colors_info=&#8221;{}&#8221;][et_pb_image src=&#8221;\/wp-content\/uploads\/2024\/03\/Screen-Shot-2024-03-14-at-10.26.18-AM.png&#8221; align=&#8221;center&#8221; _builder_version=&#8221;4.23.2&#8243; _module_preset=&#8221;default&#8221; global_colors_info=&#8221;{}&#8221;][\/et_pb_image][et_pb_text _builder_version=&#8221;4.23.2&#8243; _module_preset=&#8221;default&#8221; text_font=&#8221;Lato||||||||&#8221; text_text_color=&#8221;#000000&#8243; text_font_size=&#8221;16px&#8221; text_line_height=&#8221;1.5em&#8221; header_font=&#8221;Lato||||||||&#8221; header_text_align=&#8221;center&#8221; header_text_color=&#8221;#000000&#8243; header_line_height=&#8221;1.5em&#8221; custom_margin=&#8221;20px|20px|20px|20px|false|false&#8221; custom_padding=&#8221;20px|20px|20px|20px|false|false&#8221; global_colors_info=&#8221;{}&#8221;]<\/p>\n<h3 class=\"cvGsUA direction-ltr align-center para-style-body\" style=\"text-align: center;\"><span class=\"OYPEnA text-decoration-none text-strikethrough-none\">Aeropuerto Internacional St. Pete Clearwater <\/span><\/h3>\n<p class=\"cvGsUA direction-ltr align-center para-style-body\" style=\"text-align: center;\"><span class=\"OYPEnA text-decoration-none text-strikethrough-none\">PIE<br \/><\/span><span class=\"OYPEnA text-decoration-none text-strikethrough-none\">12 miles away<\/span><\/p>\n<p>[\/et_pb_text][\/et_pb_column][et_pb_column type=&#8221;1_2&#8243; _builder_version=&#8221;4.16&#8243; _module_preset=&#8221;default&#8221; global_colors_info=&#8221;{}&#8221;][et_pb_image src=&#8221;\/wp-content\/uploads\/2024\/03\/Screen-Shot-2024-03-14-at-10.26.18-AM.png&#8221; align=&#8221;center&#8221; _builder_version=&#8221;4.23.2&#8243; _module_preset=&#8221;default&#8221; global_colors_info=&#8221;{}&#8221;][\/et_pb_image][et_pb_text _builder_version=&#8221;4.23.2&#8243; _module_preset=&#8221;default&#8221; text_font=&#8221;Lato||||||||&#8221; text_text_color=&#8221;#000000&#8243; text_font_size=&#8221;16px&#8221; text_line_height=&#8221;1.5em&#8221; header_font=&#8221;Lato||||||||&#8221; header_text_align=&#8221;center&#8221; header_text_color=&#8221;#000000&#8243; header_line_height=&#8221;1.5em&#8221; custom_margin=&#8221;20px|20px|20px|20px|false|false&#8221; custom_padding=&#8221;20px|20px|20px|20px|false|false&#8221; global_colors_info=&#8221;{}&#8221;]<\/p>\n<h3 class=\"cvGsUA direction-ltr align-center para-style-body\" style=\"text-align: center;\">Tampa <br \/>International Airport<\/h3>\n<p class=\"cvGsUA direction-ltr align-center para-style-body\" style=\"text-align: center;\">TPA<br \/>22 miles away<\/p>\n<p>[\/et_pb_text][\/et_pb_column][\/et_pb_row][et_pb_row _builder_version=&#8221;4.16&#8243; _module_preset=&#8221;default&#8221; width=&#8221;94.4%&#8221; custom_margin=&#8221;|37px||auto||&#8221; custom_padding=&#8221;0px||0px|0px||&#8221; link_option_url=&#8221;https:\/\/shop.bydesign.com\/Bravenly\/#\/shop\/detail\/GOLDBREW\/from\/&#8221; locked=&#8221;off&#8221; global_colors_info=&#8221;{}&#8221;][et_pb_column type=&#8221;4_4&#8243; saved_specialty_column_type=&#8221;1_2&#8243; _builder_version=&#8221;4.16&#8243; _module_preset=&#8221;default&#8221; global_colors_info=&#8221;{}&#8221;][et_pb_text _builder_version=&#8221;4.23.2&#8243; _module_preset=&#8221;default&#8221; text_font=&#8221;Lato||||||||&#8221; text_text_color=&#8221;#000000&#8243; text_font_size=&#8221;16px&#8221; text_line_height=&#8221;1.5em&#8221; header_font=&#8221;Lato||||||||&#8221; header_text_align=&#8221;center&#8221; header_text_color=&#8221;#000000&#8243; header_line_height=&#8221;1.5em&#8221; min_height=&#8221;49px&#8221; custom_margin=&#8221;20px|20px|20px|20px|false|false&#8221; custom_padding=&#8221;20px|20px|20px|20px|false|false&#8221; hover_enabled=&#8221;0&#8243; global_colors_info=&#8221;{}&#8221; sticky_enabled=&#8221;0&#8243;]<\/p>\n<div>\n<h3 style=\"text-align: center;\">OPCIONES PARA IR DEL AEROPUERTO A LA CUMBRE<\/h3>\n<p>&nbsp;<\/p>\n<p style=\"text-align: center;\">Alquilar un coche &#8211; <strong><a href=\"http:\/\/rentalcars.com\">rentalcars.com<\/a><\/strong> es genial.<\/p>\n<p style=\"text-align: center;\">Consigue que te lleven en Uber o Lyft.<\/p>\n<p style=\"text-align: center;\">Programe un traslado en <strong><a href=\"http:\/\/supershuttle.com\">supershuttle.com<\/a><\/strong><\/p>\n<\/div>\n<p>[\/et_pb_text][\/et_pb_column][\/et_pb_row][\/et_pb_section]<\/p>\n","protected":false},"excerpt":{"rendered":"<p>S\u00c1BADO Registro general Primera sesi\u00f3n Almuerzo Segunda sesi\u00f3n After Party tem\u00e1ticoDOMINGO Culto opcional Tercera sesi\u00f3n D\u00eda de playa en Bravenly NationLUNES (SED+ ONLY): Primera sesi\u00f3n sobre liderazgo Almuerzo Segunda sesi\u00f3n de liderazgo (finaliza sobre las 16.00 horas) El Sheraton Sand Key Resort es un hotel frente al mar en la costa del Golfo de Florida. [&hellip;]<\/p>\n","protected":false},"author":191432657,"featured_media":0,"parent":0,"menu_order":0,"comment_status":"closed","ping_status":"closed","template":"","meta":{"_et_pb_use_builder":"on","_et_pb_old_content":"","_et_gb_content_width":"","_coblocks_attr":"","_coblocks_dimensions":"","_coblocks_responsive_height":"","_coblocks_accordion_ie_support":"","footnotes":""},"class_list":["post-15596","page","type-page","status-publish","hentry"],"_links":{"self":[{"href":"https:\/\/kerriknight80.bravenlyglobal.com\/es\/wp-json\/wp\/v2\/pages\/15596","targetHints":{"allow":["GET"]}}],"collection":[{"href":"https:\/\/kerriknight80.bravenlyglobal.com\/es\/wp-json\/wp\/v2\/pages"}],"about":[{"href":"https:\/\/kerriknight80.bravenlyglobal.com\/es\/wp-json\/wp\/v2\/types\/page"}],"author":[{"embeddable":true,"href":"https:\/\/kerriknight80.bravenlyglobal.com\/es\/wp-json\/wp\/v2\/users\/191432657"}],"replies":[{"embeddable":true,"href":"https:\/\/kerriknight80.bravenlyglobal.com\/es\/wp-json\/wp\/v2\/comments?post=15596"}],"version-history":[{"count":0,"href":"https:\/\/kerriknight80.bravenlyglobal.com\/es\/wp-json\/wp\/v2\/pages\/15596\/revisions"}],"wp:attachment":[{"href":"https:\/\/kerriknight80.bravenlyglobal.com\/es\/wp-json\/wp\/v2\/media?parent=15596"}],"curies":[{"name":"wp","href":"https:\/\/api.w.org\/{rel}","templated":true}]}}